{"id":2443,"date":"2025-10-16T13:58:15","date_gmt":"2025-10-16T13:58:15","guid":{"rendered":"https:\/\/shophunter.dblop.es\/capital-markets\/"},"modified":"2026-03-24T10:51:26","modified_gmt":"2026-03-24T10:51:26","slug":"capital-markets","status":"publish","type":"page","link":"https:\/\/shophunter.dblop.es\/fr\/capital-markets\/","title":{"rendered":"Capital Markets"},"content":{"rendered":"\t\t<div data-elementor-type=\"wp-page\" data-elementor-id=\"2443\" class=\"elementor elementor-2443 elementor-40\" data-elementor-post-type=\"page\">\n\t\t\t\t<div class=\"elementor-element elementor-element-120aeb3 e-flex e-con-boxed e-con e-parent\" data-id=\"120aeb3\" data-element_type=\"container\" data-e-type=\"container\" data-settings=\"{&quot;background_background&quot;:&quot;classic&quot;}\">\n\t\t\t\t\t<div class=\"e-con-inner\">\n\t\t<div class=\"elementor-element elementor-element-4b18132 e-con-full e-flex e-con e-child\" data-id=\"4b18132\" data-element_type=\"container\" data-e-type=\"container\">\n\t\t\t\t<div class=\"elementor-element elementor-element-edf2ad6 elementor-widget elementor-widget-heading\" data-id=\"edf2ad6\" data-element_type=\"widget\" data-e-type=\"widget\" data-widget_type=\"heading.default\">\n\t\t\t\t\t<h1 class=\"elementor-heading-title elementor-size-default\">Capital Markets<\/h1>\t\t\t\t<\/div>\n\t\t\t\t<\/div>\n\t\t<div class=\"elementor-element elementor-element-cf40b4d e-con-full e-flex e-con e-child\" data-id=\"cf40b4d\" data-element_type=\"container\" data-e-type=\"container\">\n\t\t\t\t<div class=\"elementor-element elementor-element-16e8ca6 elementor-widget elementor-widget-heading\" data-id=\"16e8ca6\" data-element_type=\"widget\" data-e-type=\"widget\" data-widget_type=\"heading.default\">\n\t\t\t\t\t<h4 class=\"elementor-heading-title elementor-size-default\"><span class=\"color-red\">Conseil<\/span> en Investissement<\/h4>\t\t\t\t<\/div>\n\t\t\t\t<\/div>\n\t\t\t\t\t<\/div>\n\t\t\t\t<\/div>\n\t\t<div class=\"elementor-element elementor-element-10102db e-flex e-con-boxed e-con e-parent\" data-id=\"10102db\" data-element_type=\"container\" data-e-type=\"container\">\n\t\t\t\t\t<div class=\"e-con-inner\">\n\t\t<div class=\"elementor-element elementor-element-6cb56eb e-con-full e-flex elementor-invisible e-con e-child\" data-id=\"6cb56eb\" data-element_type=\"container\" data-e-type=\"container\" data-settings=\"{&quot;animation&quot;:&quot;fadeIn&quot;}\">\n\t\t\t\t<div class=\"elementor-element elementor-element-4015967 elementor-widget elementor-widget-image\" data-id=\"4015967\" data-element_type=\"widget\" data-e-type=\"widget\" data-settings=\"{&quot;_animation&quot;:&quot;none&quot;}\" data-widget_type=\"image.default\">\n\t\t\t\t\t\t\t\t\t\t\t\t\t\t\t<img fetchpriority=\"high\" decoding=\"async\" width=\"2026\" height=\"1200\" src=\"https:\/\/shophunter.dblop.es\/wp-content\/uploads\/2025\/12\/PASSEIG-DE-GRACIA.webp\" class=\"attachment-full size-full wp-image-2439\" alt=\"\" srcset=\"https:\/\/shophunter.dblop.es\/wp-content\/uploads\/2025\/12\/PASSEIG-DE-GRACIA.webp 2026w, https:\/\/shophunter.dblop.es\/wp-content\/uploads\/2025\/12\/PASSEIG-DE-GRACIA-300x178.webp 300w, https:\/\/shophunter.dblop.es\/wp-content\/uploads\/2025\/12\/PASSEIG-DE-GRACIA-1024x607.webp 1024w, https:\/\/shophunter.dblop.es\/wp-content\/uploads\/2025\/12\/PASSEIG-DE-GRACIA-768x455.webp 768w, https:\/\/shophunter.dblop.es\/wp-content\/uploads\/2025\/12\/PASSEIG-DE-GRACIA-1536x910.webp 1536w\" sizes=\"(max-width: 2026px) 100vw, 2026px\" \/>\t\t\t\t\t\t\t\t\t\t\t\t\t\t\t<\/div>\n\t\t\t\t<\/div>\n\t\t<div class=\"elementor-element elementor-element-0e65004 e-con-full e-flex elementor-invisible e-con e-child\" data-id=\"0e65004\" data-element_type=\"container\" data-e-type=\"container\" data-settings=\"{&quot;animation&quot;:&quot;fadeIn&quot;}\">\n\t\t\t\t<div class=\"elementor-element elementor-element-d7da953 elementor-widget elementor-widget-heading\" data-id=\"d7da953\" data-element_type=\"widget\" data-e-type=\"widget\" data-widget_type=\"heading.default\">\n\t\t\t\t\t<h2 class=\"elementor-heading-title elementor-size-default\">Trois d\u00e9cennies au service de propri\u00e9taires et investisseurs<\/h2>\t\t\t\t<\/div>\n\t\t\t\t<div class=\"elementor-element elementor-element-a131c6f elementor-widget elementor-widget-text-editor\" data-id=\"a131c6f\" data-element_type=\"widget\" data-e-type=\"widget\" data-widget_type=\"text-editor.default\">\n\t\t\t\t\t\t\t\t\t<p>Forts de 30 ans d\u2019exp\u00e9rience aux c\u00f4t\u00e9s de locataires et de propri\u00e9taires, nous sommes une r\u00e9f\u00e9rence en mati\u00e8re de conseil pour l\u2019achat et la vente d\u2019actifs commerciaux lou\u00e9s. Nous travaillons avec des actifs lou\u00e9s \u00e0 de grandes enseignes telles que Leroy Merlin, Mango, Mercadona, Maisons du Monde, Action, C&amp;A, Kiabi, Ametller Origen, Tienda Animal ou Kiwoko, aussi bien en emplacements urbains qu\u2019en centres commerciaux et retail parks.<\/p>\t\t\t\t\t\t\t\t<\/div>\n\t\t\t\t<\/div>\n\t\t\t\t\t<\/div>\n\t\t\t\t<\/div>\n\t\t<div class=\"elementor-element elementor-element-b9e521d e-flex e-con-boxed e-con e-child\" data-id=\"b9e521d\" data-element_type=\"container\" data-e-type=\"container\">\n\t\t\t\t\t<div class=\"e-con-inner\">\n\t\t<div class=\"elementor-element elementor-element-b01078a e-con-full e-flex e-con e-child\" data-id=\"b01078a\" data-element_type=\"container\" data-e-type=\"container\">\n\t\t<div class=\"elementor-element elementor-element-e933c0e e-con-full e-flex elementor-invisible e-con e-child\" data-id=\"e933c0e\" data-element_type=\"container\" data-e-type=\"container\" data-settings=\"{&quot;animation&quot;:&quot;fadeIn&quot;}\">\n\t\t\t\t<div class=\"elementor-element elementor-element-8017d89 elementor-widget elementor-widget-text-editor\" data-id=\"8017d89\" data-element_type=\"widget\" data-e-type=\"widget\" data-widget_type=\"text-editor.default\">\n\t\t\t\t\t\t\t\t\tCertaines de <span class=\"color-red\">nos<\/span> transactions:\t\t\t\t\t\t\t\t<\/div>\n\t\t\t\t<\/div>\n\t\t<div class=\"elementor-element elementor-element-c789119 e-con-full elementor-hidden-mobile e-flex elementor-invisible e-con e-child\" data-id=\"c789119\" data-element_type=\"container\" data-e-type=\"container\" data-settings=\"{&quot;animation&quot;:&quot;fadeIn&quot;}\">\n\t\t\t\t<div class=\"elementor-element elementor-element-61b483a elementor-widget elementor-widget-button\" data-id=\"61b483a\" data-element_type=\"widget\" data-e-type=\"widget\" data-widget_type=\"button.default\">\n\t\t\t\t\t\t\t\t\t\t<a class=\"elementor-button elementor-button-link elementor-size-sm\" href=\"https:\/\/shophunter.dblop.es\/fr\/transactions\/\">\n\t\t\t\t\t\t<span class=\"elementor-button-content-wrapper\">\n\t\t\t\t\t\t<span class=\"elementor-button-icon\">\n\t\t\t\t<i aria-hidden=\"true\" class=\"fal fa-long-arrow-right\"><\/i>\t\t\t<\/span>\n\t\t\t\t\t\t\t\t\t<span class=\"elementor-button-text\">Voir d\u2019autres transactions<\/span>\n\t\t\t\t\t<\/span>\n\t\t\t\t\t<\/a>\n\t\t\t\t\t\t\t\t<\/div>\n\t\t\t\t<\/div>\n\t\t\t\t<\/div>\n\t\t<div class=\"elementor-element elementor-element-a76cc05 e-con-full e-flex e-con e-child\" data-id=\"a76cc05\" data-element_type=\"container\" data-e-type=\"container\">\n\t\t<div class=\"elementor-element elementor-element-864c647 e-con-full e-flex e-con e-child\" data-id=\"864c647\" data-element_type=\"container\" data-e-type=\"container\">\n\t\t\t\t<div class=\"elementor-element elementor-element-8130793 elementor-grid-tablet-3 elementor-grid-3 elementor-grid-mobile-1 elementor-widget elementor-widget-loop-grid\" data-id=\"8130793\" data-element_type=\"widget\" data-e-type=\"widget\" data-settings=\"{&quot;template_id&quot;:24,&quot;row_gap&quot;:{&quot;unit&quot;:&quot;rem&quot;,&quot;size&quot;:1,&quot;sizes&quot;:[]},&quot;row_gap_tablet&quot;:{&quot;unit&quot;:&quot;rem&quot;,&quot;size&quot;:1,&quot;sizes&quot;:[]},&quot;row_gap_mobile&quot;:{&quot;unit&quot;:&quot;rem&quot;,&quot;size&quot;:2,&quot;sizes&quot;:[]},&quot;columns_tablet&quot;:3,&quot;_skin&quot;:&quot;post&quot;,&quot;columns&quot;:&quot;3&quot;,&quot;columns_mobile&quot;:&quot;1&quot;,&quot;edit_handle_selector&quot;:&quot;[data-elementor-type=\\&quot;loop-item\\&quot;]&quot;}\" data-widget_type=\"loop-grid.post\">\n\t\t\t\t<div class=\"elementor-widget-container\">\n\t\t\t\t\t\t\t<div class=\"elementor-loop-container elementor-grid\" role=\"list\">\n\t\t<style id=\"loop-dynamic-24\">.e-loop-item-1386 .elementor-element.elementor-element-f4069de::before, .e-loop-item-1386 .elementor-element.elementor-element-f4069de > .elementor-background-video-container::before, .e-loop-item-1386 .elementor-element.elementor-element-f4069de > .e-con-inner > .elementor-background-video-container::before, .e-loop-item-1386 .elementor-element.elementor-element-f4069de > .elementor-background-slideshow::before, .e-loop-item-1386 .elementor-element.elementor-element-f4069de > .e-con-inner > .elementor-background-slideshow::before, .e-loop-item-1386 .elementor-element.elementor-element-f4069de > .elementor-motion-effects-container > .elementor-motion-effects-layer::before{background-image:url(\"https:\/\/shophunter.dblop.es\/wp-content\/uploads\/fotos\/CM-COMPRA-VENDA LEROY MERLIN-Ronda Europa, 46 Vilanova i La Geltr\u00fa-scaled.jpeg\");}.e-loop-item-1386 .elementor-element.elementor-element-f4069de:hover::before, .e-loop-item-1386 .elementor-element.elementor-element-f4069de:hover > .elementor-background-video-container::before, .e-loop-item-1386 .elementor-element.elementor-element-f4069de:hover > .e-con-inner > .elementor-background-video-container::before, .e-loop-item-1386 .elementor-element.elementor-element-f4069de > .elementor-background-slideshow:hover::before, .e-loop-item-1386 .elementor-element.elementor-element-f4069de > .e-con-inner > .elementor-background-slideshow:hover::before{background-image:url(\"https:\/\/shophunter.dblop.es\/wp-content\/uploads\/fotos\/CM-COMPRA-VENDA LEROY MERLIN-Ronda Europa, 46 Vilanova i La Geltr\u00fa-scaled.jpeg\");}<\/style><style id=\"loop-24\">.elementor-24 .elementor-element.elementor-element-fb060b8{--display:flex;--flex-direction:column;--container-widget-width:100%;--container-widget-height:initial;--container-widget-flex-grow:0;--container-widget-align-self:initial;--flex-wrap-mobile:wrap;--gap:0.8rem 0.8rem;--row-gap:0.8rem;--column-gap:0.8rem;border-style:solid;--border-style:solid;border-width:0px 0px 1px 0px;--border-top-width:0px;--border-right-width:0px;--border-bottom-width:1px;--border-left-width:0px;border-color:var( --e-global-color-text );--border-color:var( --e-global-color-text );--padding-top:0rem;--padding-bottom:2rem;--padding-left:0rem;--padding-right:0rem;}.elementor-24 .elementor-element.elementor-element-f4069de{--display:flex;--min-height:280px;--overlay-opacity:1;--padding-top:0px;--padding-bottom:0px;--padding-left:0px;--padding-right:0px;}.elementor-24 .elementor-element.elementor-element-f4069de::before, .elementor-24 .elementor-element.elementor-element-f4069de > .elementor-background-video-container::before, .elementor-24 .elementor-element.elementor-element-f4069de > .e-con-inner > .elementor-background-video-container::before, .elementor-24 .elementor-element.elementor-element-f4069de > .elementor-background-slideshow::before, .elementor-24 .elementor-element.elementor-element-f4069de > .e-con-inner > .elementor-background-slideshow::before, .elementor-24 .elementor-element.elementor-element-f4069de > .elementor-motion-effects-container > .elementor-motion-effects-layer::before{--background-overlay:'';background-position:center center;background-repeat:no-repeat;background-size:cover;}.elementor-24 .elementor-element.elementor-element-f4069de::before{filter:brightness( 100% ) contrast( 100% ) saturate( 100% ) blur( 0px ) hue-rotate( 0deg );}.elementor-24 .elementor-element.elementor-element-f4069de:hover::before, .elementor-24 .elementor-element.elementor-element-f4069de:hover > .elementor-background-video-container::before, .elementor-24 .elementor-element.elementor-element-f4069de:hover > .e-con-inner > .elementor-background-video-container::before, .elementor-24 .elementor-element.elementor-element-f4069de > .elementor-background-slideshow:hover::before, .elementor-24 .elementor-element.elementor-element-f4069de > .e-con-inner > .elementor-background-slideshow:hover::before{--background-overlay:'';background-position:center center;background-repeat:no-repeat;background-size:cover;}.elementor-24 .elementor-element.elementor-element-f4069de:hover{--overlay-opacity:1;}.elementor-24 .elementor-element.elementor-element-f4069de, .elementor-24 .elementor-element.elementor-element-f4069de::before{--overlay-transition:3s;}.elementor-24 .elementor-element.elementor-element-f4069de:hover::before{filter:brightness( 100% ) contrast( 100% ) saturate( 0% ) blur( 0px ) hue-rotate( 0deg );}.elementor-24 .elementor-element.elementor-element-d9b6d0f{text-align:end;padding:0.5rem 1rem 0.5rem 1rem;background-color:var( --e-global-color-primary );}.elementor-24 .elementor-element.elementor-element-d9b6d0f .elementor-heading-title{font-family:var( --e-global-typography-accent-font-family ), Sans-serif;font-size:var( --e-global-typography-accent-font-size );font-weight:var( --e-global-typography-accent-font-weight );color:var( --e-global-color-faa1de9 );}.elementor-24 .elementor-element.elementor-element-d9b6d0f.elementor-element{--align-self:flex-end;}.elementor-24 .elementor-element.elementor-element-c84261a .elementor-heading-title{font-family:var( --e-global-typography-2b4f4ef-font-family ), Sans-serif;font-size:var( --e-global-typography-2b4f4ef-font-size );font-weight:var( --e-global-typography-2b4f4ef-font-weight );line-height:var( --e-global-typography-2b4f4ef-line-height );letter-spacing:var( --e-global-typography-2b4f4ef-letter-spacing );word-spacing:var( --e-global-typography-2b4f4ef-word-spacing );color:var( --e-global-color-text );}.elementor-24 .elementor-element.elementor-element-c84261a{margin:1.2rem 0rem calc(var(--kit-widget-spacing, 0px) + 0rem) 0rem;}.elementor-24 .elementor-element.elementor-element-4452c7f .elementor-heading-title{font-family:var( --e-global-typography-text-font-family ), Sans-serif;font-size:var( --e-global-typography-text-font-size );font-weight:var( --e-global-typography-text-font-weight );line-height:var( --e-global-typography-text-line-height );color:var( --e-global-color-def5402 );}@media(max-width:1140px){.elementor-24 .elementor-element.elementor-element-f4069de{--min-height:16rem;}.elementor-24 .elementor-element.elementor-element-d9b6d0f .elementor-heading-title{font-size:var( --e-global-typography-accent-font-size );}.elementor-24 .elementor-element.elementor-element-c84261a .elementor-heading-title{font-size:var( --e-global-typography-2b4f4ef-font-size );line-height:var( --e-global-typography-2b4f4ef-line-height );letter-spacing:var( --e-global-typography-2b4f4ef-letter-spacing );word-spacing:var( --e-global-typography-2b4f4ef-word-spacing );}.elementor-24 .elementor-element.elementor-element-4452c7f .elementor-heading-title{font-size:var( --e-global-typography-text-font-size );line-height:var( --e-global-typography-text-line-height );}}@media(max-width:767px){.elementor-24 .elementor-element.elementor-element-d9b6d0f .elementor-heading-title{font-size:var( --e-global-typography-accent-font-size );}.elementor-24 .elementor-element.elementor-element-c84261a .elementor-heading-title{font-size:var( --e-global-typography-2b4f4ef-font-size );line-height:var( --e-global-typography-2b4f4ef-line-height );letter-spacing:var( --e-global-typography-2b4f4ef-letter-spacing );word-spacing:var( --e-global-typography-2b4f4ef-word-spacing );}.elementor-24 .elementor-element.elementor-element-4452c7f .elementor-heading-title{font-size:var( --e-global-typography-text-font-size );line-height:var( --e-global-typography-text-line-height );}}\/* Start custom CSS for heading, class: .elementor-element-d9b6d0f *\/.elementor-element.elementor-element-f4069de:hover .area-label {\n  background-color: var( --e-global-color-accent ); \n  transition: background-color 0.3s ease;\n}\/* End custom CSS *\/<\/style>\t\t<div data-elementor-type=\"loop-item\" data-elementor-id=\"24\" class=\"elementor elementor-24 e-loop-item e-loop-item-1386 post-1386 operacion type-operacion status-publish has-post-thumbnail hentry area-capital-markets\" data-elementor-post-type=\"elementor_library\" data-custom-edit-handle=\"1\">\n\t\t\t<div class=\"elementor-element elementor-element-fb060b8 e-flex e-con-boxed e-con e-parent\" data-id=\"fb060b8\" data-element_type=\"container\" data-e-type=\"container\">\n\t\t\t\t\t<div class=\"e-con-inner\">\n\t\t<div class=\"elementor-element elementor-element-f4069de e-con-full e-flex e-con e-child\" data-id=\"f4069de\" data-element_type=\"container\" data-e-type=\"container\">\n\t\t\t\t<div class=\"elementor-element elementor-element-d9b6d0f area-label elementor-widget elementor-widget-heading\" data-id=\"d9b6d0f\" data-element_type=\"widget\" data-e-type=\"widget\" data-widget_type=\"heading.default\">\n\t\t\t\t\t<p class=\"elementor-heading-title elementor-size-default\"><span>Capital Markets<\/span><\/p>\t\t\t\t<\/div>\n\t\t\t\t<\/div>\n\t\t\t\t<div class=\"elementor-element elementor-element-c84261a elementor-widget elementor-widget-heading\" data-id=\"c84261a\" data-element_type=\"widget\" data-e-type=\"widget\" data-widget_type=\"heading.default\">\n\t\t\t\t\t<p class=\"elementor-heading-title elementor-size-default\">COMPRA-VENDA LEROY MERLIN<\/p>\t\t\t\t<\/div>\n\t\t\t\t<div class=\"elementor-element elementor-element-4452c7f elementor-widget elementor-widget-heading\" data-id=\"4452c7f\" data-element_type=\"widget\" data-e-type=\"widget\" data-widget_type=\"heading.default\">\n\t\t\t\t\t<p class=\"elementor-heading-title elementor-size-default\">Ronda Europa, 46 Vilanova i La Geltr\u00fa<\/p>\t\t\t\t<\/div>\n\t\t\t\t\t<\/div>\n\t\t\t\t<\/div>\n\t\t\t\t<\/div>\n\t\t<style id=\"loop-dynamic-24\">.e-loop-item-1388 .elementor-element.elementor-element-f4069de::before, .e-loop-item-1388 .elementor-element.elementor-element-f4069de > .elementor-background-video-container::before, .e-loop-item-1388 .elementor-element.elementor-element-f4069de > .e-con-inner > .elementor-background-video-container::before, .e-loop-item-1388 .elementor-element.elementor-element-f4069de > .elementor-background-slideshow::before, .e-loop-item-1388 .elementor-element.elementor-element-f4069de > .e-con-inner > .elementor-background-slideshow::before, .e-loop-item-1388 .elementor-element.elementor-element-f4069de > .elementor-motion-effects-container > .elementor-motion-effects-layer::before{background-image:url(\"https:\/\/shophunter.dblop.es\/wp-content\/uploads\/fotos\/CM-COMPRA-VENDA TIENDA ANIMAL-C.C. El Arc\u00e1ngel C\u00f3rdoba-scaled.jpeg\");}.e-loop-item-1388 .elementor-element.elementor-element-f4069de:hover::before, .e-loop-item-1388 .elementor-element.elementor-element-f4069de:hover > .elementor-background-video-container::before, .e-loop-item-1388 .elementor-element.elementor-element-f4069de:hover > .e-con-inner > .elementor-background-video-container::before, .e-loop-item-1388 .elementor-element.elementor-element-f4069de > .elementor-background-slideshow:hover::before, .e-loop-item-1388 .elementor-element.elementor-element-f4069de > .e-con-inner > .elementor-background-slideshow:hover::before{background-image:url(\"https:\/\/shophunter.dblop.es\/wp-content\/uploads\/fotos\/CM-COMPRA-VENDA TIENDA ANIMAL-C.C. El Arc\u00e1ngel C\u00f3rdoba-scaled.jpeg\");}<\/style>\t\t<div data-elementor-type=\"loop-item\" data-elementor-id=\"24\" class=\"elementor elementor-24 e-loop-item e-loop-item-1388 post-1388 operacion type-operacion status-publish has-post-thumbnail hentry area-capital-markets\" data-elementor-post-type=\"elementor_library\" data-custom-edit-handle=\"1\">\n\t\t\t<div class=\"elementor-element elementor-element-fb060b8 e-flex e-con-boxed e-con e-parent\" data-id=\"fb060b8\" data-element_type=\"container\" data-e-type=\"container\">\n\t\t\t\t\t<div class=\"e-con-inner\">\n\t\t<div class=\"elementor-element elementor-element-f4069de e-con-full e-flex e-con e-child\" data-id=\"f4069de\" data-element_type=\"container\" data-e-type=\"container\">\n\t\t\t\t<div class=\"elementor-element elementor-element-d9b6d0f area-label elementor-widget elementor-widget-heading\" data-id=\"d9b6d0f\" data-element_type=\"widget\" data-e-type=\"widget\" data-widget_type=\"heading.default\">\n\t\t\t\t\t<p class=\"elementor-heading-title elementor-size-default\"><span>Capital Markets<\/span><\/p>\t\t\t\t<\/div>\n\t\t\t\t<\/div>\n\t\t\t\t<div class=\"elementor-element elementor-element-c84261a elementor-widget elementor-widget-heading\" data-id=\"c84261a\" data-element_type=\"widget\" data-e-type=\"widget\" data-widget_type=\"heading.default\">\n\t\t\t\t\t<p class=\"elementor-heading-title elementor-size-default\">COMPRA-VENDA TIENDA ANIMAL<\/p>\t\t\t\t<\/div>\n\t\t\t\t<div class=\"elementor-element elementor-element-4452c7f elementor-widget elementor-widget-heading\" data-id=\"4452c7f\" data-element_type=\"widget\" data-e-type=\"widget\" data-widget_type=\"heading.default\">\n\t\t\t\t\t<p class=\"elementor-heading-title elementor-size-default\">C.C. El Arc\u00e1ngel C\u00f3rdoba<\/p>\t\t\t\t<\/div>\n\t\t\t\t\t<\/div>\n\t\t\t\t<\/div>\n\t\t\t\t<\/div>\n\t\t<style id=\"loop-dynamic-24\">.e-loop-item-1400 .elementor-element.elementor-element-f4069de::before, .e-loop-item-1400 .elementor-element.elementor-element-f4069de > .elementor-background-video-container::before, .e-loop-item-1400 .elementor-element.elementor-element-f4069de > .e-con-inner > .elementor-background-video-container::before, .e-loop-item-1400 .elementor-element.elementor-element-f4069de > .elementor-background-slideshow::before, .e-loop-item-1400 .elementor-element.elementor-element-f4069de > .e-con-inner > .elementor-background-slideshow::before, .e-loop-item-1400 .elementor-element.elementor-element-f4069de > .elementor-motion-effects-container > .elementor-motion-effects-layer::before{background-image:url(\"https:\/\/shophunter.dblop.es\/wp-content\/uploads\/fotos\/CM-COMPRA-VENDA ACTION-C.C. Baricentro Barber\u00e0 del Vall\u00e9s-scaled.jpeg\");}.e-loop-item-1400 .elementor-element.elementor-element-f4069de:hover::before, .e-loop-item-1400 .elementor-element.elementor-element-f4069de:hover > .elementor-background-video-container::before, .e-loop-item-1400 .elementor-element.elementor-element-f4069de:hover > .e-con-inner > .elementor-background-video-container::before, .e-loop-item-1400 .elementor-element.elementor-element-f4069de > .elementor-background-slideshow:hover::before, .e-loop-item-1400 .elementor-element.elementor-element-f4069de > .e-con-inner > .elementor-background-slideshow:hover::before{background-image:url(\"https:\/\/shophunter.dblop.es\/wp-content\/uploads\/fotos\/CM-COMPRA-VENDA ACTION-C.C. Baricentro Barber\u00e0 del Vall\u00e9s-scaled.jpeg\");}<\/style>\t\t<div data-elementor-type=\"loop-item\" data-elementor-id=\"24\" class=\"elementor elementor-24 e-loop-item e-loop-item-1400 post-1400 operacion type-operacion status-publish has-post-thumbnail hentry area-capital-markets\" data-elementor-post-type=\"elementor_library\" data-custom-edit-handle=\"1\">\n\t\t\t<div class=\"elementor-element elementor-element-fb060b8 e-flex e-con-boxed e-con e-parent\" data-id=\"fb060b8\" data-element_type=\"container\" data-e-type=\"container\">\n\t\t\t\t\t<div class=\"e-con-inner\">\n\t\t<div class=\"elementor-element elementor-element-f4069de e-con-full e-flex e-con e-child\" data-id=\"f4069de\" data-element_type=\"container\" data-e-type=\"container\">\n\t\t\t\t<div class=\"elementor-element elementor-element-d9b6d0f area-label elementor-widget elementor-widget-heading\" data-id=\"d9b6d0f\" data-element_type=\"widget\" data-e-type=\"widget\" data-widget_type=\"heading.default\">\n\t\t\t\t\t<p class=\"elementor-heading-title elementor-size-default\"><span>Capital Markets<\/span><\/p>\t\t\t\t<\/div>\n\t\t\t\t<\/div>\n\t\t\t\t<div class=\"elementor-element elementor-element-c84261a elementor-widget elementor-widget-heading\" data-id=\"c84261a\" data-element_type=\"widget\" data-e-type=\"widget\" data-widget_type=\"heading.default\">\n\t\t\t\t\t<p class=\"elementor-heading-title elementor-size-default\">COMPRA-VENDA ACTION<\/p>\t\t\t\t<\/div>\n\t\t\t\t<div class=\"elementor-element elementor-element-4452c7f elementor-widget elementor-widget-heading\" data-id=\"4452c7f\" data-element_type=\"widget\" data-e-type=\"widget\" data-widget_type=\"heading.default\">\n\t\t\t\t\t<p class=\"elementor-heading-title elementor-size-default\">C.C. Baricentro Barber\u00e0 del Vall\u00e9s<\/p>\t\t\t\t<\/div>\n\t\t\t\t\t<\/div>\n\t\t\t\t<\/div>\n\t\t\t\t<\/div>\n\t\t\t\t<\/div>\n\t\t\n\t\t\t\t\t\t<\/div>\n\t\t\t\t<\/div>\n\t\t\t\t<div class=\"elementor-element elementor-element-7f3212d elementor-hidden-desktop elementor-hidden-tablet elementor-widget elementor-widget-button\" data-id=\"7f3212d\" data-element_type=\"widget\" data-e-type=\"widget\" data-widget_type=\"button.default\">\n\t\t\t\t\t\t\t\t\t\t<a class=\"elementor-button elementor-button-link elementor-size-sm\" href=\"https:\/\/shophunter.dblop.es\/fr\/transactions\/\">\n\t\t\t\t\t\t<span class=\"elementor-button-content-wrapper\">\n\t\t\t\t\t\t<span class=\"elementor-button-icon\">\n\t\t\t\t<i aria-hidden=\"true\" class=\"fal fa-long-arrow-right\"><\/i>\t\t\t<\/span>\n\t\t\t\t\t\t\t\t\t<span class=\"elementor-button-text\">Voir d\u2019autres transactions<\/span>\n\t\t\t\t\t<\/span>\n\t\t\t\t\t<\/a>\n\t\t\t\t\t\t\t\t<\/div>\n\t\t\t\t<\/div>\n\t\t\t\t<\/div>\n\t\t\t\t\t<\/div>\n\t\t\t\t<\/div>\n\t\t\t\t<\/div>\n\t\t","protected":false},"excerpt":{"rendered":"<p>Capital Markets Conseil en Investissement Trois d\u00e9cennies au service de propri\u00e9taires et investisseurs Forts de 30 ans d\u2019exp\u00e9rience aux c\u00f4t\u00e9s de locataires et de propri\u00e9taires, nous sommes une r\u00e9f\u00e9rence en mati\u00e8re de conseil pour l\u2019achat et la vente d\u2019actifs commerciaux lou\u00e9s. Nous travaillons avec des actifs lou\u00e9s \u00e0 de grandes enseignes telles que Leroy Merlin, [&hellip;]<\/p>\n","protected":false},"author":2,"featured_media":0,"parent":0,"menu_order":0,"comment_status":"closed","ping_status":"closed","template":"","meta":{"_acf_changed":false,"footnotes":""},"class_list":["post-2443","page","type-page","status-publish","hentry"],"acf":[],"_links":{"self":[{"href":"https:\/\/shophunter.dblop.es\/fr\/wp-json\/wp\/v2\/pages\/2443","targetHints":{"allow":["GET"]}}],"collection":[{"href":"https:\/\/shophunter.dblop.es\/fr\/wp-json\/wp\/v2\/pages"}],"about":[{"href":"https:\/\/shophunter.dblop.es\/fr\/wp-json\/wp\/v2\/types\/page"}],"author":[{"embeddable":true,"href":"https:\/\/shophunter.dblop.es\/fr\/wp-json\/wp\/v2\/users\/2"}],"replies":[{"embeddable":true,"href":"https:\/\/shophunter.dblop.es\/fr\/wp-json\/wp\/v2\/comments?post=2443"}],"version-history":[{"count":1,"href":"https:\/\/shophunter.dblop.es\/fr\/wp-json\/wp\/v2\/pages\/2443\/revisions"}],"predecessor-version":[{"id":2449,"href":"https:\/\/shophunter.dblop.es\/fr\/wp-json\/wp\/v2\/pages\/2443\/revisions\/2449"}],"wp:attachment":[{"href":"https:\/\/shophunter.dblop.es\/fr\/wp-json\/wp\/v2\/media?parent=2443"}],"curies":[{"name":"wp","href":"https:\/\/api.w.org\/{rel}","templated":true}]}}