{"id":2460,"date":"2025-10-16T13:58:40","date_gmt":"2025-10-16T13:58:40","guid":{"rendered":"https:\/\/shophunter.dblop.es\/tenant-rep\/"},"modified":"2026-03-24T10:58:32","modified_gmt":"2026-03-24T10:58:32","slug":"tenant-rep","status":"publish","type":"page","link":"https:\/\/shophunter.dblop.es\/fr\/tenant-rep\/","title":{"rendered":"Tenant Rep"},"content":{"rendered":"\t\t<div data-elementor-type=\"wp-page\" data-elementor-id=\"2460\" class=\"elementor elementor-2460 elementor-44\" data-elementor-post-type=\"page\">\n\t\t\t\t<div class=\"elementor-element elementor-element-924add1 e-flex e-con-boxed e-con e-parent\" data-id=\"924add1\" data-element_type=\"container\" data-e-type=\"container\" data-settings=\"{&quot;background_background&quot;:&quot;classic&quot;}\">\n\t\t\t\t\t<div class=\"e-con-inner\">\n\t\t<div class=\"elementor-element elementor-element-24517e0 e-con-full e-flex e-con e-child\" data-id=\"24517e0\" data-element_type=\"container\" data-e-type=\"container\">\n\t\t\t\t<div class=\"elementor-element elementor-element-a5aa3e2 elementor-widget elementor-widget-heading\" data-id=\"a5aa3e2\" data-element_type=\"widget\" data-e-type=\"widget\" data-widget_type=\"heading.default\">\n\t\t\t\t\t<h1 class=\"elementor-heading-title elementor-size-default\">Tenant Rep<\/h1>\t\t\t\t<\/div>\n\t\t\t\t<\/div>\n\t\t<div class=\"elementor-element elementor-element-784b89f e-con-full e-flex e-con e-child\" data-id=\"784b89f\" data-element_type=\"container\" data-e-type=\"container\">\n\t\t\t\t<div class=\"elementor-element elementor-element-38f2399 elementor-widget elementor-widget-heading\" data-id=\"38f2399\" data-element_type=\"widget\" data-e-type=\"widget\" data-widget_type=\"heading.default\">\n\t\t\t\t\t<h4 class=\"elementor-heading-title elementor-size-default\"><span class=\"color-red\">D\u00e9veloppement<\/span> d\u2019enseignes<\/h4>\t\t\t\t<\/div>\n\t\t\t\t<\/div>\n\t\t\t\t\t<\/div>\n\t\t\t\t<\/div>\n\t\t<div class=\"elementor-element elementor-element-3439a44 e-flex e-con-boxed e-con e-parent\" data-id=\"3439a44\" data-element_type=\"container\" data-e-type=\"container\">\n\t\t\t\t\t<div class=\"e-con-inner\">\n\t\t<div class=\"elementor-element elementor-element-56cea92 e-con-full e-flex elementor-invisible e-con e-child\" data-id=\"56cea92\" data-element_type=\"container\" data-e-type=\"container\" data-settings=\"{&quot;animation&quot;:&quot;fadeIn&quot;}\">\n\t\t\t\t<div class=\"elementor-element elementor-element-03e734c elementor-widget elementor-widget-image\" data-id=\"03e734c\" data-element_type=\"widget\" data-e-type=\"widget\" data-settings=\"{&quot;_animation&quot;:&quot;none&quot;}\" data-widget_type=\"image.default\">\n\t\t\t\t\t\t\t\t\t\t\t\t\t\t\t<img fetchpriority=\"high\" decoding=\"async\" width=\"1200\" height=\"834\" src=\"https:\/\/shophunter.dblop.es\/wp-content\/uploads\/2025\/11\/Tenant-Rep.webp\" class=\"attachment-full size-full wp-image-905\" alt=\"\" srcset=\"https:\/\/shophunter.dblop.es\/wp-content\/uploads\/2025\/11\/Tenant-Rep.webp 1200w, https:\/\/shophunter.dblop.es\/wp-content\/uploads\/2025\/11\/Tenant-Rep-300x209.webp 300w, https:\/\/shophunter.dblop.es\/wp-content\/uploads\/2025\/11\/Tenant-Rep-1024x712.webp 1024w, https:\/\/shophunter.dblop.es\/wp-content\/uploads\/2025\/11\/Tenant-Rep-768x534.webp 768w\" sizes=\"(max-width: 1200px) 100vw, 1200px\" \/>\t\t\t\t\t\t\t\t\t\t\t\t\t\t\t<\/div>\n\t\t\t\t<\/div>\n\t\t<div class=\"elementor-element elementor-element-cc65f53 e-con-full e-flex elementor-invisible e-con e-child\" data-id=\"cc65f53\" data-element_type=\"container\" data-e-type=\"container\" data-settings=\"{&quot;animation&quot;:&quot;fadeIn&quot;}\">\n\t\t\t\t<div class=\"elementor-element elementor-element-8359529 elementor-widget elementor-widget-heading\" data-id=\"8359529\" data-element_type=\"widget\" data-e-type=\"widget\" data-widget_type=\"heading.default\">\n\t\t\t\t\t<h2 class=\"elementor-heading-title elementor-size-default\">Direction du d\u00e9veloppement externalis\u00e9e<\/h2>\t\t\t\t<\/div>\n\t\t\t\t<div class=\"elementor-element elementor-element-b35199f elementor-widget elementor-widget-text-editor\" data-id=\"b35199f\" data-element_type=\"widget\" data-e-type=\"widget\" data-widget_type=\"text-editor.default\">\n\t\t\t\t\t\t\t\t\t<p>Sp\u00e9cialistes du d\u00e9veloppement d\u2019enseignes en Espagne, au Portugal et en Andorre.<br>Notre champ d\u2019intervention comprend les rues commer\u00e7antes, les centres commerciaux, les retail parks et les a\u00e9roports. <br><br>Nous proposons un accompagnement strat\u00e9gique complet : \u00e9laboration du plan de d\u00e9veloppement, recherche de locaux et n\u00e9gociation dans les meilleures conditions, avec un engagement total pour atteindre les objectifs de croissance et de rentabilit\u00e9.<\/p>\t\t\t\t\t\t\t\t<\/div>\n\t\t\t\t<\/div>\n\t\t\t\t\t<\/div>\n\t\t\t\t<\/div>\n\t\t<div class=\"elementor-element elementor-element-01cee1f e-flex e-con-boxed e-con e-child\" data-id=\"01cee1f\" data-element_type=\"container\" data-e-type=\"container\">\n\t\t\t\t\t<div class=\"e-con-inner\">\n\t\t<div class=\"elementor-element elementor-element-6f5db43 e-con-full e-flex e-con e-child\" data-id=\"6f5db43\" data-element_type=\"container\" data-e-type=\"container\">\n\t\t<div class=\"elementor-element elementor-element-1dcbe78 e-con-full e-flex elementor-invisible e-con e-child\" data-id=\"1dcbe78\" data-element_type=\"container\" data-e-type=\"container\" data-settings=\"{&quot;animation&quot;:&quot;fadeIn&quot;}\">\n\t\t\t\t<div class=\"elementor-element elementor-element-a83849f elementor-widget elementor-widget-text-editor\" data-id=\"a83849f\" data-element_type=\"widget\" data-e-type=\"widget\" data-widget_type=\"text-editor.default\">\n\t\t\t\t\t\t\t\t\tCertaines de <span class=\"color-red\">nos<\/span> transactions:\t\t\t\t\t\t\t\t<\/div>\n\t\t\t\t<\/div>\n\t\t<div class=\"elementor-element elementor-element-ce41647 e-con-full e-flex elementor-invisible e-con e-child\" data-id=\"ce41647\" data-element_type=\"container\" data-e-type=\"container\" data-settings=\"{&quot;animation&quot;:&quot;fadeIn&quot;}\">\n\t\t\t\t<div class=\"elementor-element elementor-element-28e0e5f elementor-widget elementor-widget-button\" data-id=\"28e0e5f\" data-element_type=\"widget\" data-e-type=\"widget\" data-widget_type=\"button.default\">\n\t\t\t\t\t\t\t\t\t\t<a class=\"elementor-button elementor-button-link elementor-size-sm\" href=\"https:\/\/shophunter.dblop.es\/fr\/transactions\/\">\n\t\t\t\t\t\t<span class=\"elementor-button-content-wrapper\">\n\t\t\t\t\t\t<span class=\"elementor-button-icon\">\n\t\t\t\t<i aria-hidden=\"true\" class=\"fal fa-long-arrow-right\"><\/i>\t\t\t<\/span>\n\t\t\t\t\t\t\t\t\t<span class=\"elementor-button-text\">Voir d\u2019autres transactions<\/span>\n\t\t\t\t\t<\/span>\n\t\t\t\t\t<\/a>\n\t\t\t\t\t\t\t\t<\/div>\n\t\t\t\t<\/div>\n\t\t\t\t<\/div>\n\t\t<div class=\"elementor-element elementor-element-e35a751 e-con-full e-flex e-con e-child\" data-id=\"e35a751\" data-element_type=\"container\" data-e-type=\"container\">\n\t\t<div class=\"elementor-element elementor-element-6aa0d72 e-con-full e-flex e-con e-child\" data-id=\"6aa0d72\" data-element_type=\"container\" data-e-type=\"container\">\n\t\t\t\t<div class=\"elementor-element elementor-element-4d6df95 elementor-grid-tablet-3 elementor-grid-3 elementor-grid-mobile-1 elementor-widget elementor-widget-loop-grid\" data-id=\"4d6df95\" data-element_type=\"widget\" data-e-type=\"widget\" data-settings=\"{&quot;template_id&quot;:24,&quot;row_gap&quot;:{&quot;unit&quot;:&quot;rem&quot;,&quot;size&quot;:1,&quot;sizes&quot;:[]},&quot;row_gap_tablet&quot;:{&quot;unit&quot;:&quot;rem&quot;,&quot;size&quot;:1,&quot;sizes&quot;:[]},&quot;row_gap_mobile&quot;:{&quot;unit&quot;:&quot;rem&quot;,&quot;size&quot;:2,&quot;sizes&quot;:[]},&quot;columns_tablet&quot;:3,&quot;_skin&quot;:&quot;post&quot;,&quot;columns&quot;:&quot;3&quot;,&quot;columns_mobile&quot;:&quot;1&quot;,&quot;edit_handle_selector&quot;:&quot;[data-elementor-type=\\&quot;loop-item\\&quot;]&quot;}\" data-widget_type=\"loop-grid.post\">\n\t\t\t\t<div class=\"elementor-widget-container\">\n\t\t\t\t\t\t\t<div class=\"elementor-loop-container elementor-grid\" role=\"list\">\n\t\t<style id=\"loop-dynamic-24\">.e-loop-item-1378 .elementor-element.elementor-element-f4069de::before, .e-loop-item-1378 .elementor-element.elementor-element-f4069de > .elementor-background-video-container::before, .e-loop-item-1378 .elementor-element.elementor-element-f4069de > .e-con-inner > .elementor-background-video-container::before, .e-loop-item-1378 .elementor-element.elementor-element-f4069de > .elementor-background-slideshow::before, .e-loop-item-1378 .elementor-element.elementor-element-f4069de > .e-con-inner > .elementor-background-slideshow::before, .e-loop-item-1378 .elementor-element.elementor-element-f4069de > .elementor-motion-effects-container > .elementor-motion-effects-layer::before{background-image:url(\"https:\/\/shophunter.dblop.es\/wp-content\/uploads\/fotos\/TR-LLOGUER ECLIPSO-C.C. Arenas Barcelona.jpeg\");}.e-loop-item-1378 .elementor-element.elementor-element-f4069de:hover::before, .e-loop-item-1378 .elementor-element.elementor-element-f4069de:hover > .elementor-background-video-container::before, .e-loop-item-1378 .elementor-element.elementor-element-f4069de:hover > .e-con-inner > .elementor-background-video-container::before, .e-loop-item-1378 .elementor-element.elementor-element-f4069de > .elementor-background-slideshow:hover::before, .e-loop-item-1378 .elementor-element.elementor-element-f4069de > .e-con-inner > .elementor-background-slideshow:hover::before{background-image:url(\"https:\/\/shophunter.dblop.es\/wp-content\/uploads\/fotos\/TR-LLOGUER ECLIPSO-C.C. Arenas Barcelona.jpeg\");}<\/style><style id=\"loop-24\">.elementor-24 .elementor-element.elementor-element-fb060b8{--display:flex;--flex-direction:column;--container-widget-width:100%;--container-widget-height:initial;--container-widget-flex-grow:0;--container-widget-align-self:initial;--flex-wrap-mobile:wrap;--gap:0.8rem 0.8rem;--row-gap:0.8rem;--column-gap:0.8rem;border-style:solid;--border-style:solid;border-width:0px 0px 1px 0px;--border-top-width:0px;--border-right-width:0px;--border-bottom-width:1px;--border-left-width:0px;border-color:var( --e-global-color-text );--border-color:var( --e-global-color-text );--padding-top:0rem;--padding-bottom:2rem;--padding-left:0rem;--padding-right:0rem;}.elementor-24 .elementor-element.elementor-element-f4069de{--display:flex;--min-height:280px;--overlay-opacity:1;--padding-top:0px;--padding-bottom:0px;--padding-left:0px;--padding-right:0px;}.elementor-24 .elementor-element.elementor-element-f4069de::before, .elementor-24 .elementor-element.elementor-element-f4069de > .elementor-background-video-container::before, .elementor-24 .elementor-element.elementor-element-f4069de > .e-con-inner > .elementor-background-video-container::before, .elementor-24 .elementor-element.elementor-element-f4069de > .elementor-background-slideshow::before, .elementor-24 .elementor-element.elementor-element-f4069de > .e-con-inner > .elementor-background-slideshow::before, .elementor-24 .elementor-element.elementor-element-f4069de > .elementor-motion-effects-container > .elementor-motion-effects-layer::before{--background-overlay:'';background-position:center center;background-repeat:no-repeat;background-size:cover;}.elementor-24 .elementor-element.elementor-element-f4069de::before{filter:brightness( 100% ) contrast( 100% ) saturate( 100% ) blur( 0px ) hue-rotate( 0deg );}.elementor-24 .elementor-element.elementor-element-f4069de:hover::before, .elementor-24 .elementor-element.elementor-element-f4069de:hover > .elementor-background-video-container::before, .elementor-24 .elementor-element.elementor-element-f4069de:hover > .e-con-inner > .elementor-background-video-container::before, .elementor-24 .elementor-element.elementor-element-f4069de > .elementor-background-slideshow:hover::before, .elementor-24 .elementor-element.elementor-element-f4069de > .e-con-inner > .elementor-background-slideshow:hover::before{--background-overlay:'';background-position:center center;background-repeat:no-repeat;background-size:cover;}.elementor-24 .elementor-element.elementor-element-f4069de:hover{--overlay-opacity:1;}.elementor-24 .elementor-element.elementor-element-f4069de, .elementor-24 .elementor-element.elementor-element-f4069de::before{--overlay-transition:3s;}.elementor-24 .elementor-element.elementor-element-f4069de:hover::before{filter:brightness( 100% ) contrast( 100% ) saturate( 0% ) blur( 0px ) hue-rotate( 0deg );}.elementor-24 .elementor-element.elementor-element-d9b6d0f{text-align:end;padding:0.5rem 1rem 0.5rem 1rem;background-color:var( --e-global-color-primary );}.elementor-24 .elementor-element.elementor-element-d9b6d0f .elementor-heading-title{font-family:var( --e-global-typography-accent-font-family ), Sans-serif;font-size:var( --e-global-typography-accent-font-size );font-weight:var( --e-global-typography-accent-font-weight );color:var( --e-global-color-faa1de9 );}.elementor-24 .elementor-element.elementor-element-d9b6d0f.elementor-element{--align-self:flex-end;}.elementor-24 .elementor-element.elementor-element-c84261a .elementor-heading-title{font-family:var( --e-global-typography-2b4f4ef-font-family ), Sans-serif;font-size:var( --e-global-typography-2b4f4ef-font-size );font-weight:var( --e-global-typography-2b4f4ef-font-weight );line-height:var( --e-global-typography-2b4f4ef-line-height );letter-spacing:var( --e-global-typography-2b4f4ef-letter-spacing );word-spacing:var( --e-global-typography-2b4f4ef-word-spacing );color:var( --e-global-color-text );}.elementor-24 .elementor-element.elementor-element-c84261a{margin:1.2rem 0rem calc(var(--kit-widget-spacing, 0px) + 0rem) 0rem;}.elementor-24 .elementor-element.elementor-element-4452c7f .elementor-heading-title{font-family:var( --e-global-typography-text-font-family ), Sans-serif;font-size:var( --e-global-typography-text-font-size );font-weight:var( --e-global-typography-text-font-weight );line-height:var( --e-global-typography-text-line-height );color:var( --e-global-color-def5402 );}@media(max-width:1140px){.elementor-24 .elementor-element.elementor-element-f4069de{--min-height:16rem;}.elementor-24 .elementor-element.elementor-element-d9b6d0f .elementor-heading-title{font-size:var( --e-global-typography-accent-font-size );}.elementor-24 .elementor-element.elementor-element-c84261a .elementor-heading-title{font-size:var( --e-global-typography-2b4f4ef-font-size );line-height:var( --e-global-typography-2b4f4ef-line-height );letter-spacing:var( --e-global-typography-2b4f4ef-letter-spacing );word-spacing:var( --e-global-typography-2b4f4ef-word-spacing );}.elementor-24 .elementor-element.elementor-element-4452c7f .elementor-heading-title{font-size:var( --e-global-typography-text-font-size );line-height:var( --e-global-typography-text-line-height );}}@media(max-width:767px){.elementor-24 .elementor-element.elementor-element-d9b6d0f .elementor-heading-title{font-size:var( --e-global-typography-accent-font-size );}.elementor-24 .elementor-element.elementor-element-c84261a .elementor-heading-title{font-size:var( --e-global-typography-2b4f4ef-font-size );line-height:var( --e-global-typography-2b4f4ef-line-height );letter-spacing:var( --e-global-typography-2b4f4ef-letter-spacing );word-spacing:var( --e-global-typography-2b4f4ef-word-spacing );}.elementor-24 .elementor-element.elementor-element-4452c7f .elementor-heading-title{font-size:var( --e-global-typography-text-font-size );line-height:var( --e-global-typography-text-line-height );}}\/* Start custom CSS for heading, class: .elementor-element-d9b6d0f *\/.elementor-element.elementor-element-f4069de:hover .area-label {\n  background-color: var( --e-global-color-accent ); \n  transition: background-color 0.3s ease;\n}\/* End custom CSS *\/<\/style>\t\t<div data-elementor-type=\"loop-item\" data-elementor-id=\"24\" class=\"elementor elementor-24 e-loop-item e-loop-item-1378 post-1378 operacion type-operacion status-publish has-post-thumbnail hentry area-tenant-rep\" data-elementor-post-type=\"elementor_library\" data-custom-edit-handle=\"1\">\n\t\t\t<div class=\"elementor-element elementor-element-fb060b8 e-flex e-con-boxed e-con e-parent\" data-id=\"fb060b8\" data-element_type=\"container\" data-e-type=\"container\">\n\t\t\t\t\t<div class=\"e-con-inner\">\n\t\t<div class=\"elementor-element elementor-element-f4069de e-con-full e-flex e-con e-child\" data-id=\"f4069de\" data-element_type=\"container\" data-e-type=\"container\">\n\t\t\t\t<div class=\"elementor-element elementor-element-d9b6d0f area-label elementor-widget elementor-widget-heading\" data-id=\"d9b6d0f\" data-element_type=\"widget\" data-e-type=\"widget\" data-widget_type=\"heading.default\">\n\t\t\t\t\t<p class=\"elementor-heading-title elementor-size-default\"><span>Tenant Rep<\/span><\/p>\t\t\t\t<\/div>\n\t\t\t\t<\/div>\n\t\t\t\t<div class=\"elementor-element elementor-element-c84261a elementor-widget elementor-widget-heading\" data-id=\"c84261a\" data-element_type=\"widget\" data-e-type=\"widget\" data-widget_type=\"heading.default\">\n\t\t\t\t\t<p class=\"elementor-heading-title elementor-size-default\">LLOGUER ECLIPSO<\/p>\t\t\t\t<\/div>\n\t\t\t\t<div class=\"elementor-element elementor-element-4452c7f elementor-widget elementor-widget-heading\" data-id=\"4452c7f\" data-element_type=\"widget\" data-e-type=\"widget\" data-widget_type=\"heading.default\">\n\t\t\t\t\t<p class=\"elementor-heading-title elementor-size-default\">C.C. Arenas  Barcelona<\/p>\t\t\t\t<\/div>\n\t\t\t\t\t<\/div>\n\t\t\t\t<\/div>\n\t\t\t\t<\/div>\n\t\t<style id=\"loop-dynamic-24\">.e-loop-item-1380 .elementor-element.elementor-element-f4069de::before, .e-loop-item-1380 .elementor-element.elementor-element-f4069de > .elementor-background-video-container::before, .e-loop-item-1380 .elementor-element.elementor-element-f4069de > .e-con-inner > .elementor-background-video-container::before, .e-loop-item-1380 .elementor-element.elementor-element-f4069de > .elementor-background-slideshow::before, .e-loop-item-1380 .elementor-element.elementor-element-f4069de > .e-con-inner > .elementor-background-slideshow::before, .e-loop-item-1380 .elementor-element.elementor-element-f4069de > .elementor-motion-effects-container > .elementor-motion-effects-layer::before{background-image:url(\"https:\/\/shophunter.dblop.es\/wp-content\/uploads\/fotos\/TR-LLOGUER HUNKEM\u00d6LLER-C.C. Torre Sevilla Sevilla.jpg\");}.e-loop-item-1380 .elementor-element.elementor-element-f4069de:hover::before, .e-loop-item-1380 .elementor-element.elementor-element-f4069de:hover > .elementor-background-video-container::before, .e-loop-item-1380 .elementor-element.elementor-element-f4069de:hover > .e-con-inner > .elementor-background-video-container::before, .e-loop-item-1380 .elementor-element.elementor-element-f4069de > .elementor-background-slideshow:hover::before, .e-loop-item-1380 .elementor-element.elementor-element-f4069de > .e-con-inner > .elementor-background-slideshow:hover::before{background-image:url(\"https:\/\/shophunter.dblop.es\/wp-content\/uploads\/fotos\/TR-LLOGUER HUNKEM\u00d6LLER-C.C. Torre Sevilla Sevilla.jpg\");}<\/style>\t\t<div data-elementor-type=\"loop-item\" data-elementor-id=\"24\" class=\"elementor elementor-24 e-loop-item e-loop-item-1380 post-1380 operacion type-operacion status-publish has-post-thumbnail hentry area-tenant-rep\" data-elementor-post-type=\"elementor_library\" data-custom-edit-handle=\"1\">\n\t\t\t<div class=\"elementor-element elementor-element-fb060b8 e-flex e-con-boxed e-con e-parent\" data-id=\"fb060b8\" data-element_type=\"container\" data-e-type=\"container\">\n\t\t\t\t\t<div class=\"e-con-inner\">\n\t\t<div class=\"elementor-element elementor-element-f4069de e-con-full e-flex e-con e-child\" data-id=\"f4069de\" data-element_type=\"container\" data-e-type=\"container\">\n\t\t\t\t<div class=\"elementor-element elementor-element-d9b6d0f area-label elementor-widget elementor-widget-heading\" data-id=\"d9b6d0f\" data-element_type=\"widget\" data-e-type=\"widget\" data-widget_type=\"heading.default\">\n\t\t\t\t\t<p class=\"elementor-heading-title elementor-size-default\"><span>Tenant Rep<\/span><\/p>\t\t\t\t<\/div>\n\t\t\t\t<\/div>\n\t\t\t\t<div class=\"elementor-element elementor-element-c84261a elementor-widget elementor-widget-heading\" data-id=\"c84261a\" data-element_type=\"widget\" data-e-type=\"widget\" data-widget_type=\"heading.default\">\n\t\t\t\t\t<p class=\"elementor-heading-title elementor-size-default\">LLOGUER HUNKEM\u00d6LLER<\/p>\t\t\t\t<\/div>\n\t\t\t\t<div class=\"elementor-element elementor-element-4452c7f elementor-widget elementor-widget-heading\" data-id=\"4452c7f\" data-element_type=\"widget\" data-e-type=\"widget\" data-widget_type=\"heading.default\">\n\t\t\t\t\t<p class=\"elementor-heading-title elementor-size-default\">C.C. Torre Sevilla Sevilla<\/p>\t\t\t\t<\/div>\n\t\t\t\t\t<\/div>\n\t\t\t\t<\/div>\n\t\t\t\t<\/div>\n\t\t<style id=\"loop-dynamic-24\">.e-loop-item-1382 .elementor-element.elementor-element-f4069de::before, .e-loop-item-1382 .elementor-element.elementor-element-f4069de > .elementor-background-video-container::before, .e-loop-item-1382 .elementor-element.elementor-element-f4069de > .e-con-inner > .elementor-background-video-container::before, .e-loop-item-1382 .elementor-element.elementor-element-f4069de > .elementor-background-slideshow::before, .e-loop-item-1382 .elementor-element.elementor-element-f4069de > .e-con-inner > .elementor-background-slideshow::before, .e-loop-item-1382 .elementor-element.elementor-element-f4069de > .elementor-motion-effects-container > .elementor-motion-effects-layer::before{background-image:url(\"https:\/\/shophunter.dblop.es\/wp-content\/uploads\/fotos\/TR-LLOGUER JODUL-Muntaner, 408 Barcelona.jpeg\");}.e-loop-item-1382 .elementor-element.elementor-element-f4069de:hover::before, .e-loop-item-1382 .elementor-element.elementor-element-f4069de:hover > .elementor-background-video-container::before, .e-loop-item-1382 .elementor-element.elementor-element-f4069de:hover > .e-con-inner > .elementor-background-video-container::before, .e-loop-item-1382 .elementor-element.elementor-element-f4069de > .elementor-background-slideshow:hover::before, .e-loop-item-1382 .elementor-element.elementor-element-f4069de > .e-con-inner > .elementor-background-slideshow:hover::before{background-image:url(\"https:\/\/shophunter.dblop.es\/wp-content\/uploads\/fotos\/TR-LLOGUER JODUL-Muntaner, 408 Barcelona.jpeg\");}<\/style>\t\t<div data-elementor-type=\"loop-item\" data-elementor-id=\"24\" class=\"elementor elementor-24 e-loop-item e-loop-item-1382 post-1382 operacion type-operacion status-publish has-post-thumbnail hentry area-tenant-rep\" data-elementor-post-type=\"elementor_library\" data-custom-edit-handle=\"1\">\n\t\t\t<div class=\"elementor-element elementor-element-fb060b8 e-flex e-con-boxed e-con e-parent\" data-id=\"fb060b8\" data-element_type=\"container\" data-e-type=\"container\">\n\t\t\t\t\t<div class=\"e-con-inner\">\n\t\t<div class=\"elementor-element elementor-element-f4069de e-con-full e-flex e-con e-child\" data-id=\"f4069de\" data-element_type=\"container\" data-e-type=\"container\">\n\t\t\t\t<div class=\"elementor-element elementor-element-d9b6d0f area-label elementor-widget elementor-widget-heading\" data-id=\"d9b6d0f\" data-element_type=\"widget\" data-e-type=\"widget\" data-widget_type=\"heading.default\">\n\t\t\t\t\t<p class=\"elementor-heading-title elementor-size-default\"><span>Tenant Rep<\/span><\/p>\t\t\t\t<\/div>\n\t\t\t\t<\/div>\n\t\t\t\t<div class=\"elementor-element elementor-element-c84261a elementor-widget elementor-widget-heading\" data-id=\"c84261a\" data-element_type=\"widget\" data-e-type=\"widget\" data-widget_type=\"heading.default\">\n\t\t\t\t\t<p class=\"elementor-heading-title elementor-size-default\">LLOGUER J\u00d3DUL<\/p>\t\t\t\t<\/div>\n\t\t\t\t<div class=\"elementor-element elementor-element-4452c7f elementor-widget elementor-widget-heading\" data-id=\"4452c7f\" data-element_type=\"widget\" data-e-type=\"widget\" data-widget_type=\"heading.default\">\n\t\t\t\t\t<p class=\"elementor-heading-title elementor-size-default\">Muntaner, 408 Barcelona<\/p>\t\t\t\t<\/div>\n\t\t\t\t\t<\/div>\n\t\t\t\t<\/div>\n\t\t\t\t<\/div>\n\t\t\t\t<\/div>\n\t\t\n\t\t\t\t\t\t<\/div>\n\t\t\t\t<\/div>\n\t\t\t\t<\/div>\n\t\t\t\t<\/div>\n\t\t\t\t\t<\/div>\n\t\t\t\t<\/div>\n\t\t\t\t<\/div>\n\t\t","protected":false},"excerpt":{"rendered":"<p>Tenant Rep D\u00e9veloppement d\u2019enseignes Direction du d\u00e9veloppement externalis\u00e9e Sp\u00e9cialistes du d\u00e9veloppement d\u2019enseignes en Espagne, au Portugal et en Andorre.Notre champ d\u2019intervention comprend les rues commer\u00e7antes, les centres commerciaux, les retail parks et les a\u00e9roports. Nous proposons un accompagnement strat\u00e9gique complet : \u00e9laboration du plan de d\u00e9veloppement, recherche de locaux et n\u00e9gociation dans les meilleures conditions, [&hellip;]<\/p>\n","protected":false},"author":2,"featured_media":0,"parent":0,"menu_order":0,"comment_status":"closed","ping_status":"closed","template":"","meta":{"_acf_changed":false,"footnotes":""},"class_list":["post-2460","page","type-page","status-publish","hentry"],"acf":[],"_links":{"self":[{"href":"https:\/\/shophunter.dblop.es\/fr\/wp-json\/wp\/v2\/pages\/2460","targetHints":{"allow":["GET"]}}],"collection":[{"href":"https:\/\/shophunter.dblop.es\/fr\/wp-json\/wp\/v2\/pages"}],"about":[{"href":"https:\/\/shophunter.dblop.es\/fr\/wp-json\/wp\/v2\/types\/page"}],"author":[{"embeddable":true,"href":"https:\/\/shophunter.dblop.es\/fr\/wp-json\/wp\/v2\/users\/2"}],"replies":[{"embeddable":true,"href":"https:\/\/shophunter.dblop.es\/fr\/wp-json\/wp\/v2\/comments?post=2460"}],"version-history":[{"count":3,"href":"https:\/\/shophunter.dblop.es\/fr\/wp-json\/wp\/v2\/pages\/2460\/revisions"}],"predecessor-version":[{"id":2463,"href":"https:\/\/shophunter.dblop.es\/fr\/wp-json\/wp\/v2\/pages\/2460\/revisions\/2463"}],"wp:attachment":[{"href":"https:\/\/shophunter.dblop.es\/fr\/wp-json\/wp\/v2\/media?parent=2460"}],"curies":[{"name":"wp","href":"https:\/\/api.w.org\/{rel}","templated":true}]}}